{"id":5628,"date":"2020-11-09T09:06:04","date_gmt":"2020-11-09T08:06:04","guid":{"rendered":"http:\/\/www.oliodelmolino.it\/prodotto\/organic-green-olive-pate\/"},"modified":"2024-07-08T00:12:07","modified_gmt":"2024-07-07T22:12:07","slug":"organic-green-olive-pate","status":"publish","type":"product","link":"https:\/\/www.oliodelmolino.it\/en\/product\/organic-green-olive-pate\/","title":{"rendered":"Organic green-olive p\u00e2t\u00e9"},"content":{"rendered":"<p>Our organic p\u00e2t\u00e9s are made in our workshop exclusively with the green olives from our grove. They are left to ripen in brine for 4 months and then stoned.<br \/>\nWe work the creamy paste at low temperatures to preserve all the aroma and flavour.<\/p>\n","protected":false},"excerpt":{"rendered":"<p>Our organic p\u00e2t\u00e9s are made in our workshop exclusively with the green olives from our grove. They are left to ripen in brine for 4 months and then stoned. We work the creamy paste at low temperatures to preserve all the aroma and flavour.<\/p>\n","protected":false},"featured_media":4817,"comment_status":"open","ping_status":"closed","template":"","meta":[],"product_brand":[],"product_cat":[153],"product_tag":[],"class_list":{"0":"post-5628","1":"product","2":"type-product","3":"status-publish","4":"has-post-thumbnail","6":"product_cat-organic-olive-pate","8":"first","9":"outofstock","10":"shipping-taxable","11":"purchasable","12":"product-type-simple"},"_links":{"self":[{"href":"https:\/\/www.oliodelmolino.it\/en\/wp-json\/wp\/v2\/product\/5628","targetHints":{"allow":["GET"]}}],"collection":[{"href":"https:\/\/www.oliodelmolino.it\/en\/wp-json\/wp\/v2\/product"}],"about":[{"href":"https:\/\/www.oliodelmolino.it\/en\/wp-json\/wp\/v2\/types\/product"}],"replies":[{"embeddable":true,"href":"https:\/\/www.oliodelmolino.it\/en\/wp-json\/wp\/v2\/comments?post=5628"}],"wp:featuredmedia":[{"embeddable":true,"href":"https:\/\/www.oliodelmolino.it\/en\/wp-json\/wp\/v2\/media\/4817"}],"wp:attachment":[{"href":"https:\/\/www.oliodelmolino.it\/en\/wp-json\/wp\/v2\/media?parent=5628"}],"wp:term":[{"taxonomy":"product_brand","embeddable":true,"href":"https:\/\/www.oliodelmolino.it\/en\/wp-json\/wp\/v2\/product_brand?post=5628"},{"taxonomy":"product_cat","embeddable":true,"href":"https:\/\/www.oliodelmolino.it\/en\/wp-json\/wp\/v2\/product_cat?post=5628"},{"taxonomy":"product_tag","embeddable":true,"href":"https:\/\/www.oliodelmolino.it\/en\/wp-json\/wp\/v2\/product_tag?post=5628"}],"curies":[{"name":"wp","href":"https:\/\/api.w.org\/{rel}","templated":true}]}}