{"id":5630,"date":"2020-11-09T09:09:26","date_gmt":"2020-11-09T08:09:26","guid":{"rendered":"http:\/\/www.oliodelmolino.it\/prodotto\/green-olive-pate-with-organic-oregano\/"},"modified":"2020-12-04T13:40:40","modified_gmt":"2020-12-04T12:40:40","slug":"green-olive-pate-with-organic-oregano","status":"publish","type":"product","link":"https:\/\/www.oliodelmolino.it\/en\/product\/green-olive-pate-with-organic-oregano\/","title":{"rendered":"Green-olive p\u00e2t\u00e9 with organic oregano"},"content":{"rendered":"<p>Olives are an excellent ingredient to make delicious p\u00e2t\u00e9s. We leave the green olives to ripen in brine for 4 months then stone them and work them into a paste at low temperatures to maintain their fragrance and taste. We add fresh organic oregano, inspired by the classic flavours of the Mediterranean diet. Our p\u00e2t\u00e9s are free of preservatives and other additives.<\/p>\n","protected":false},"excerpt":{"rendered":"<p>Olives are an excellent ingredient to make delicious p\u00e2t\u00e9s. We leave the green olives to ripen in brine for 4 months then stone them and work them into a paste at low temperatures to maintain their fragrance and taste. We add fresh organic oregano, inspired by the classic flavours of the Mediterranean diet. Our p\u00e2t\u00e9s [&hellip;]<\/p>\n","protected":false},"featured_media":4816,"comment_status":"open","ping_status":"closed","template":"","meta":[],"product_brand":[],"product_cat":[153],"product_tag":[],"class_list":{"0":"post-5630","1":"product","2":"type-product","3":"status-publish","4":"has-post-thumbnail","6":"product_cat-organic-olive-pate","8":"first","9":"outofstock","10":"shipping-taxable","11":"purchasable","12":"product-type-simple"},"_links":{"self":[{"href":"https:\/\/www.oliodelmolino.it\/en\/wp-json\/wp\/v2\/product\/5630","targetHints":{"allow":["GET"]}}],"collection":[{"href":"https:\/\/www.oliodelmolino.it\/en\/wp-json\/wp\/v2\/product"}],"about":[{"href":"https:\/\/www.oliodelmolino.it\/en\/wp-json\/wp\/v2\/types\/product"}],"replies":[{"embeddable":true,"href":"https:\/\/www.oliodelmolino.it\/en\/wp-json\/wp\/v2\/comments?post=5630"}],"wp:featuredmedia":[{"embeddable":true,"href":"https:\/\/www.oliodelmolino.it\/en\/wp-json\/wp\/v2\/media\/4816"}],"wp:attachment":[{"href":"https:\/\/www.oliodelmolino.it\/en\/wp-json\/wp\/v2\/media?parent=5630"}],"wp:term":[{"taxonomy":"product_brand","embeddable":true,"href":"https:\/\/www.oliodelmolino.it\/en\/wp-json\/wp\/v2\/product_brand?post=5630"},{"taxonomy":"product_cat","embeddable":true,"href":"https:\/\/www.oliodelmolino.it\/en\/wp-json\/wp\/v2\/product_cat?post=5630"},{"taxonomy":"product_tag","embeddable":true,"href":"https:\/\/www.oliodelmolino.it\/en\/wp-json\/wp\/v2\/product_tag?post=5630"}],"curies":[{"name":"wp","href":"https:\/\/api.w.org\/{rel}","templated":true}]}}