{"id":5631,"date":"2020-11-09T09:10:03","date_gmt":"2020-11-09T08:10:03","guid":{"rendered":"http:\/\/www.oliodelmolino.it\/prodotto\/olive-pate-with-organic-wild-fennel\/"},"modified":"2020-12-04T13:42:34","modified_gmt":"2020-12-04T12:42:34","slug":"olive-pate-with-organic-wild-fennel","status":"publish","type":"product","link":"https:\/\/www.oliodelmolino.it\/en\/product\/olive-pate-with-organic-wild-fennel\/","title":{"rendered":"Olive p\u00e2t\u00e9 with organic wild fennel"},"content":{"rendered":"<p>The fennel seeds lend this p\u00e2t\u00e9 a typically Tuscian taste, as wild fennel is a popular ingredient in traditional Viterbo recipes. Our olive p\u00e2t\u00e9 is made with our own green and black olives that have been left to ripen in brine for 4 months. They are then stoned and worked at low temperatures to conserve their full flavour and aroma.<\/p>\n","protected":false},"excerpt":{"rendered":"<p>The fennel seeds lend this p\u00e2t\u00e9 a typically Tuscian taste, as wild fennel is a popular ingredient in traditional Viterbo recipes. Our olive p\u00e2t\u00e9 is made with our own green and black olives that have been left to ripen in brine for 4 months. They are then stoned and worked at low temperatures to conserve [&hellip;]<\/p>\n","protected":false},"featured_media":4818,"comment_status":"open","ping_status":"closed","template":"","meta":[],"product_brand":[],"product_cat":[153],"product_tag":[],"class_list":{"0":"post-5631","1":"product","2":"type-product","3":"status-publish","4":"has-post-thumbnail","6":"product_cat-organic-olive-pate","8":"first","9":"outofstock","10":"shipping-taxable","11":"purchasable","12":"product-type-simple"},"_links":{"self":[{"href":"https:\/\/www.oliodelmolino.it\/en\/wp-json\/wp\/v2\/product\/5631","targetHints":{"allow":["GET"]}}],"collection":[{"href":"https:\/\/www.oliodelmolino.it\/en\/wp-json\/wp\/v2\/product"}],"about":[{"href":"https:\/\/www.oliodelmolino.it\/en\/wp-json\/wp\/v2\/types\/product"}],"replies":[{"embeddable":true,"href":"https:\/\/www.oliodelmolino.it\/en\/wp-json\/wp\/v2\/comments?post=5631"}],"wp:featuredmedia":[{"embeddable":true,"href":"https:\/\/www.oliodelmolino.it\/en\/wp-json\/wp\/v2\/media\/4818"}],"wp:attachment":[{"href":"https:\/\/www.oliodelmolino.it\/en\/wp-json\/wp\/v2\/media?parent=5631"}],"wp:term":[{"taxonomy":"product_brand","embeddable":true,"href":"https:\/\/www.oliodelmolino.it\/en\/wp-json\/wp\/v2\/product_brand?post=5631"},{"taxonomy":"product_cat","embeddable":true,"href":"https:\/\/www.oliodelmolino.it\/en\/wp-json\/wp\/v2\/product_cat?post=5631"},{"taxonomy":"product_tag","embeddable":true,"href":"https:\/\/www.oliodelmolino.it\/en\/wp-json\/wp\/v2\/product_tag?post=5631"}],"curies":[{"name":"wp","href":"https:\/\/api.w.org\/{rel}","templated":true}]}}