{"id":5632,"date":"2020-11-10T20:09:55","date_gmt":"2020-11-10T19:09:55","guid":{"rendered":"http:\/\/www.oliodelmolino.it\/prodotto\/tasting-box-of-4-organic-olive-pates\/"},"modified":"2020-12-04T13:42:55","modified_gmt":"2020-12-04T12:42:55","slug":"tasting-box-of-4-organic-olive-pates","status":"publish","type":"product","link":"https:\/\/www.oliodelmolino.it\/en\/product\/tasting-box-of-4-organic-olive-pates\/","title":{"rendered":"Tasting box of 4 organic olive p\u00e2t\u00e9s"},"content":{"rendered":"<p>This pack gives you a tasting tour of our organic p\u00e2t\u00e9s, to discover the flavour and fragrance of the olives that we harvest and then process in our workshop. After 4 months steeping in brine, they are pitted and worked into a paste. This can be left in its natural state or flavoured with herbs and spices from Tuscia and the Mediterranean tradition: oregano, chilli and wild fennel seeds. The p\u00e2t\u00e9s are ideal with fresh bread rolls and hot crispy toasts and to lace a cold pasta dish with all the flavour of summer.<\/p>\n","protected":false},"excerpt":{"rendered":"<p>This pack gives you a tasting tour of our organic p\u00e2t\u00e9s, to discover the flavour and fragrance of the olives that we harvest and then process in our workshop. After 4 months steeping in brine, they are pitted and worked into a paste. This can be left in its natural state or flavoured with herbs [&hellip;]<\/p>\n","protected":false},"featured_media":5391,"comment_status":"open","ping_status":"closed","template":"","meta":[],"product_brand":[],"product_cat":[150,153],"product_tag":[],"class_list":{"0":"post-5632","1":"product","2":"type-product","3":"status-publish","4":"has-post-thumbnail","6":"product_cat-gift-package","7":"product_cat-organic-olive-pate","9":"first","10":"outofstock","11":"shipping-taxable","12":"purchasable","13":"product-type-simple"},"_links":{"self":[{"href":"https:\/\/www.oliodelmolino.it\/en\/wp-json\/wp\/v2\/product\/5632","targetHints":{"allow":["GET"]}}],"collection":[{"href":"https:\/\/www.oliodelmolino.it\/en\/wp-json\/wp\/v2\/product"}],"about":[{"href":"https:\/\/www.oliodelmolino.it\/en\/wp-json\/wp\/v2\/types\/product"}],"replies":[{"embeddable":true,"href":"https:\/\/www.oliodelmolino.it\/en\/wp-json\/wp\/v2\/comments?post=5632"}],"wp:featuredmedia":[{"embeddable":true,"href":"https:\/\/www.oliodelmolino.it\/en\/wp-json\/wp\/v2\/media\/5391"}],"wp:attachment":[{"href":"https:\/\/www.oliodelmolino.it\/en\/wp-json\/wp\/v2\/media?parent=5632"}],"wp:term":[{"taxonomy":"product_brand","embeddable":true,"href":"https:\/\/www.oliodelmolino.it\/en\/wp-json\/wp\/v2\/product_brand?post=5632"},{"taxonomy":"product_cat","embeddable":true,"href":"https:\/\/www.oliodelmolino.it\/en\/wp-json\/wp\/v2\/product_cat?post=5632"},{"taxonomy":"product_tag","embeddable":true,"href":"https:\/\/www.oliodelmolino.it\/en\/wp-json\/wp\/v2\/product_tag?post=5632"}],"curies":[{"name":"wp","href":"https:\/\/api.w.org\/{rel}","templated":true}]}}